{"id":201,"date":"2021-11-30T10:09:10","date_gmt":"2021-11-30T13:09:10","guid":{"rendered":"http:\/\/localhost\/wordpress\/?page_id=201"},"modified":"2021-12-06T16:02:01","modified_gmt":"2021-12-06T18:02:01","slug":"treinamentos","status":"publish","type":"page","link":"https:\/\/www.dep.ufscar.br\/tavares\/?page_id=201","title":{"rendered":"Treinamentos"},"content":{"rendered":"\n<div class=\"wp-block-cover has-nv-text-dark-bg-background-color has-background-dim\"><div class=\"wp-block-cover__inner-container\">\n<div class=\"wp-block-columns\">\n<div class=\"wp-block-column\" style=\"flex-basis:50%\">\n<div class=\"wp-block-image\"><figure class=\"aligncenter size-large is-resized\"><a href=\"#python\"><img loading=\"lazy\" src=\"http:\/\/www.dep.ufscar.br\/tavares\/wp-content\/uploads\/2021\/11\/python-1024x1024.png\" alt=\"\" class=\"wp-image-208\" width=\"256\" height=\"256\" srcset=\"https:\/\/www.dep.ufscar.br\/tavares\/wp-content\/uploads\/2021\/11\/python-1024x1024.png 1024w, https:\/\/www.dep.ufscar.br\/tavares\/wp-content\/uploads\/2021\/11\/python-300x300.png 300w, https:\/\/www.dep.ufscar.br\/tavares\/wp-content\/uploads\/2021\/11\/python-150x150.png 150w, https:\/\/www.dep.ufscar.br\/tavares\/wp-content\/uploads\/2021\/11\/python-768x768.png 768w, https:\/\/www.dep.ufscar.br\/tavares\/wp-content\/uploads\/2021\/11\/python.png 1080w\" sizes=\"(max-width: 256px) 100vw, 256px\" \/><\/a><\/figure><\/div>\n<\/div>\n\n\n\n<div class=\"wp-block-column\" style=\"flex-basis:50%\">\n<div class=\"wp-block-image\"><figure class=\"aligncenter size-large is-resized\"><a href=\"#dashboard\"><img loading=\"lazy\" src=\"http:\/\/www.dep.ufscar.br\/tavares\/wp-content\/uploads\/2021\/11\/dash1-1024x1024.png\" alt=\"\" class=\"wp-image-207\" width=\"256\" height=\"256\" srcset=\"https:\/\/www.dep.ufscar.br\/tavares\/wp-content\/uploads\/2021\/11\/dash1-1024x1024.png 1024w, https:\/\/www.dep.ufscar.br\/tavares\/wp-content\/uploads\/2021\/11\/dash1-300x300.png 300w, https:\/\/www.dep.ufscar.br\/tavares\/wp-content\/uploads\/2021\/11\/dash1-150x150.png 150w, https:\/\/www.dep.ufscar.br\/tavares\/wp-content\/uploads\/2021\/11\/dash1-768x768.png 768w, https:\/\/www.dep.ufscar.br\/tavares\/wp-content\/uploads\/2021\/11\/dash1.png 1080w\" sizes=\"(max-width: 256px) 100vw, 256px\" \/><\/a><\/figure><\/div>\n<\/div>\n<\/div>\n<\/div><\/div>\n\n\n\n<h2 class=\"has-text-align-center\" id=\"python\">Python para Data Science<\/h2>\n\n\n\n<h4 class=\"has-text-align-center\">uma introdu\u00e7\u00e3o<\/h4>\n\n\n\n<div class=\"wp-block-columns\">\n<div class=\"wp-block-column\">\n<div class=\"wp-block-image\"><figure class=\"aligncenter size-large is-resized\"><img loading=\"lazy\" src=\"http:\/\/www.dep.ufscar.br\/tavares\/wp-content\/uploads\/2021\/11\/python-1024x1024.png\" alt=\"\" class=\"wp-image-208\" width=\"512\" height=\"512\" srcset=\"https:\/\/www.dep.ufscar.br\/tavares\/wp-content\/uploads\/2021\/11\/python-1024x1024.png 1024w, https:\/\/www.dep.ufscar.br\/tavares\/wp-content\/uploads\/2021\/11\/python-300x300.png 300w, https:\/\/www.dep.ufscar.br\/tavares\/wp-content\/uploads\/2021\/11\/python-150x150.png 150w, https:\/\/www.dep.ufscar.br\/tavares\/wp-content\/uploads\/2021\/11\/python-768x768.png 768w, https:\/\/www.dep.ufscar.br\/tavares\/wp-content\/uploads\/2021\/11\/python.png 1080w\" sizes=\"(max-width: 512px) 100vw, 512px\" \/><\/figure><\/div>\n<\/div>\n\n\n\n<div class=\"wp-block-column\">\n<div style=\"height:30px\" aria-hidden=\"true\" class=\"wp-block-spacer\"><\/div>\n\n\n\n<p>Esse curso \u00e9 voltado ao iniciante em programa\u00e7\u00e3o, que deseja entender como o Python pode ser usado para manipular informa\u00e7\u00f5es de diversas fontes. Com esse curso, o aluno aprender\u00e1:<\/p>\n\n\n\n<ul><li>Como configurar seu ambiente de desenvolvimento;<\/li><li>Como executar o Python em dois ambientes diferentes: no Jupyter Notebook e na IDE Wing;<\/li><li>Como usar as estruturas b\u00e1sicas de controle: if, for, while;<\/li><li>Como trabalhar com estruturas de dados padr\u00e3o do Python (listas, dicion\u00e1rios, set&#8217;s e tuplas);<\/li><li>Como definir fun\u00e7\u00f5es;<\/li><li>Como acessar dados via API&#8217;s WEB usando JSON<\/li><li>Como usar a biblioteca Pandas para ler dados de arquivos csv e de bases de dados<\/li><li>Como trabalhar com DataFrames (incluindo tabelas pivot)<\/li><li>Usar an\u00e1lises r\u00e1pidas para entender melhor os dados: sumarizar dados, calcular m\u00e9dia, desvio padr\u00e3o, ordenar, classificar por grupos, &#8230;<\/li><\/ul>\n\n\n\n<p><\/p>\n\n\n\n<p>Nesse curso, temos encontros online quinzenais e material adicional (v\u00eddeos, c\u00f3digos-exemplo e material escrito). Ao fim, temos a apresenta\u00e7\u00e3o de um projeto final.<\/p>\n\n\n\n<p>Dura\u00e7\u00e3o total: 2 meses<br>(dedica\u00e7\u00e3o prevista: 3h\/semana)<\/p>\n<\/div>\n<\/div>\n\n\n\n<p class=\"has-text-align-center\"><a href=\"https:\/\/forms.gle\/YJMcKcxL6Uuq5LLB6\" data-type=\"URL\" data-id=\"https:\/\/forms.gle\/YJMcKcxL6Uuq5LLB6\" target=\"_blank\" rel=\"noreferrer noopener\">Clique aqui para maiores informa\u00e7\u00f5es!<\/a><\/p>\n\n\n\n<hr class=\"wp-block-separator\"\/>\n\n\n\n<h2 class=\"has-text-align-center\" id=\"dashboard\">Criando Dashboards WEB com Python, Pandas e Dash<\/h2>\n\n\n\n<div class=\"wp-block-columns\">\n<div class=\"wp-block-column\">\n<div class=\"wp-block-image\"><figure class=\"aligncenter size-large is-resized\"><img loading=\"lazy\" src=\"http:\/\/www.dep.ufscar.br\/tavares\/wp-content\/uploads\/2021\/11\/dash1-1024x1024.png\" alt=\"\" class=\"wp-image-207\" width=\"512\" height=\"512\" srcset=\"https:\/\/www.dep.ufscar.br\/tavares\/wp-content\/uploads\/2021\/11\/dash1-1024x1024.png 1024w, https:\/\/www.dep.ufscar.br\/tavares\/wp-content\/uploads\/2021\/11\/dash1-300x300.png 300w, https:\/\/www.dep.ufscar.br\/tavares\/wp-content\/uploads\/2021\/11\/dash1-150x150.png 150w, https:\/\/www.dep.ufscar.br\/tavares\/wp-content\/uploads\/2021\/11\/dash1-768x768.png 768w, https:\/\/www.dep.ufscar.br\/tavares\/wp-content\/uploads\/2021\/11\/dash1.png 1080w\" sizes=\"(max-width: 512px) 100vw, 512px\" \/><\/figure><\/div>\n<\/div>\n\n\n\n<div class=\"wp-block-column\">\n<p>Nesse curso, mostramos como podemos produzir interfaces WEB altamente sofisticadas para mostrar pain\u00e9is de dados (<em>dashboards<\/em>) interativos. Com ele, os alunos conseguem gerar diferentes tipos de gr\u00e1ficos, com gerenciadores de layout avan\u00e7ados. S\u00e3o abordados os seguintes t\u00f3picos:<\/p>\n\n\n\n<ul><li>Revis\u00e3o da linguagem Python<\/li><li>Usando a biblioteca Dash<\/li><li>Lendo dados externos (csv, JSON)<\/li><li>Layouts avan\u00e7ados usando a biblioteca Bootstrap<\/li><li>Permitindo a intera\u00e7\u00e3o com o usu\u00e1rio atrav\u00e9s de callbacks<\/li><li>Deploy<\/li><\/ul>\n\n\n\n<p><\/p>\n\n\n\n<p class=\"has-text-align-center\">Nesse curso, temos tr\u00eas encontros online e material adicional (v\u00eddeos, c\u00f3digos-exemplo e material escrito). Ao fim, temos a apresenta\u00e7\u00e3o de um projeto final.<\/p>\n\n\n\n<p class=\"has-text-align-center\">Dura\u00e7\u00e3o total: 1 m\u00eas<br>(dedica\u00e7\u00e3o prevista: 3h\/semana)<\/p>\n\n\n\n<div class=\"wp-block-image\"><figure class=\"aligncenter size-full is-resized\"><a href=\"\/tavares\/tavares\/Astronauta.pdf\"><img loading=\"lazy\" src=\"http:\/\/www.dep.ufscar.br\/tavares\/wp-content\/uploads\/2021\/12\/pdf-file.png\" alt=\"\" class=\"wp-image-255\" width=\"57\" height=\"57\" srcset=\"https:\/\/www.dep.ufscar.br\/tavares\/wp-content\/uploads\/2021\/12\/pdf-file.png 512w, https:\/\/www.dep.ufscar.br\/tavares\/wp-content\/uploads\/2021\/12\/pdf-file-300x300.png 300w, https:\/\/www.dep.ufscar.br\/tavares\/wp-content\/uploads\/2021\/12\/pdf-file-150x150.png 150w\" sizes=\"(max-width: 57px) 100vw, 57px\" \/><\/a><\/figure><\/div>\n\n\n\n<p class=\"has-text-align-center\"><strong>Veja um exemplo do material desse curso!<\/strong><\/p>\n<\/div>\n<\/div>\n\n\n\n<p class=\"has-text-align-center\"><a href=\"https:\/\/forms.gle\/YJMcKcxL6Uuq5LLB6\" data-type=\"URL\" data-id=\"https:\/\/forms.gle\/YJMcKcxL6Uuq5LLB6\" target=\"_blank\" rel=\"noreferrer noopener\">Clique aqui para maiores informa\u00e7\u00f5es!<\/a><\/p>\n","protected":false},"excerpt":{"rendered":"<p>Python para Data Science uma introdu\u00e7\u00e3o Esse curso \u00e9 voltado ao iniciante em programa\u00e7\u00e3o, que deseja entender como o Python pode ser usado para manipular informa\u00e7\u00f5es de diversas fontes. Com esse curso, o aluno aprender\u00e1: Como configurar seu ambiente de desenvolvimento; Como executar o Python em dois ambientes diferentes: no Jupyter Notebook e na IDE&hellip;&nbsp;<a href=\"https:\/\/www.dep.ufscar.br\/tavares\/?page_id=201\" class=\"\" rel=\"bookmark\">Continue a ler &raquo;<span class=\"screen-reader-text\">Treinamentos<\/span><\/a><\/p>\n","protected":false},"author":1,"featured_media":0,"parent":0,"menu_order":0,"comment_status":"closed","ping_status":"closed","template":"","meta":{"neve_meta_sidebar":"","neve_meta_container":"","neve_meta_enable_content_width":"","neve_meta_content_width":0,"neve_meta_title_alignment":"","neve_meta_author_avatar":"","neve_post_elements_order":"","neve_meta_disable_header":"","neve_meta_disable_footer":"","neve_meta_disable_title":"on","_ti_tpc_template_sync":false,"_ti_tpc_template_id":""},"_links":{"self":[{"href":"https:\/\/www.dep.ufscar.br\/tavares\/index.php?rest_route=\/wp\/v2\/pages\/201"}],"collection":[{"href":"https:\/\/www.dep.ufscar.br\/tavares\/index.php?rest_route=\/wp\/v2\/pages"}],"about":[{"href":"https:\/\/www.dep.ufscar.br\/tavares\/index.php?rest_route=\/wp\/v2\/types\/page"}],"author":[{"embeddable":true,"href":"https:\/\/www.dep.ufscar.br\/tavares\/index.php?rest_route=\/wp\/v2\/users\/1"}],"replies":[{"embeddable":true,"href":"https:\/\/www.dep.ufscar.br\/tavares\/index.php?rest_route=%2Fwp%2Fv2%2Fcomments&post=201"}],"version-history":[{"count":33,"href":"https:\/\/www.dep.ufscar.br\/tavares\/index.php?rest_route=\/wp\/v2\/pages\/201\/revisions"}],"predecessor-version":[{"id":315,"href":"https:\/\/www.dep.ufscar.br\/tavares\/index.php?rest_route=\/wp\/v2\/pages\/201\/revisions\/315"}],"wp:attachment":[{"href":"https:\/\/www.dep.ufscar.br\/tavares\/index.php?rest_route=%2Fwp%2Fv2%2Fmedia&parent=201"}],"curies":[{"name":"wp","href":"https:\/\/api.w.org\/{rel}","templated":true}]}}